{"id":40,"date":"2024-01-25T20:02:12","date_gmt":"2024-01-25T19:02:12","guid":{"rendered":"https:\/\/painsimplement.fr\/?page_id=40"},"modified":"2025-12-03T22:48:46","modified_gmt":"2025-12-03T21:48:46","slug":"a-propos","status":"publish","type":"page","link":"https:\/\/painsimplement.fr\/index.php\/a-propos\/","title":{"rendered":"A propos"},"content":{"rendered":"\n<div class=\"wp-block-group alignfull has-global-padding is-layout-constrained wp-container-core-group-is-layout-669513ed wp-block-group-is-layout-constrained\" style=\"margin-top:0;margin-bottom:0;padding-top:var(--wp--preset--spacing--50);padding-right:var(--wp--preset--spacing--50);padding-bottom:var(--wp--preset--spacing--50);padding-left:var(--wp--preset--spacing--50)\">\n<div class=\"wp-block-group is-vertical is-content-justification-center is-layout-flex wp-container-core-group-is-layout-ce155fab wp-block-group-is-layout-flex\">\n<h2 class=\"wp-block-heading has-text-align-center has-xx-large-font-size\">Mon parcours<\/h2>\n<\/div>\n\n\n\n<div style=\"height:var(--wp--preset--spacing--30)\" aria-hidden=\"true\" class=\"wp-block-spacer\"><\/div>\n\n\n\n<div class=\"wp-block-columns alignwide is-layout-flex wp-container-core-columns-is-layout-4935966c wp-block-columns-is-layout-flex\" style=\"padding-right:0;padding-left:0\">\n<div class=\"wp-block-column is-layout-flow wp-block-column-is-layout-flow\">\n<figure class=\"wp-block-image size-full is-style-rounded is-style-rounded--1\"><img loading=\"lazy\" decoding=\"async\" width=\"1920\" height=\"2560\" src=\"https:\/\/painsimplement.fr\/wp-content\/uploads\/2025\/07\/moi-scaled.jpg\" alt=\"\" class=\"wp-image-500\" style=\"aspect-ratio:1;object-fit:contain\" srcset=\"https:\/\/painsimplement.fr\/wp-content\/uploads\/2025\/07\/moi-scaled.jpg 1920w, https:\/\/painsimplement.fr\/wp-content\/uploads\/2025\/07\/moi-225x300.jpg 225w, https:\/\/painsimplement.fr\/wp-content\/uploads\/2025\/07\/moi-768x1024.jpg 768w, https:\/\/painsimplement.fr\/wp-content\/uploads\/2025\/07\/moi-1152x1536.jpg 1152w, https:\/\/painsimplement.fr\/wp-content\/uploads\/2025\/07\/moi-1536x2048.jpg 1536w, https:\/\/painsimplement.fr\/wp-content\/uploads\/2025\/07\/moi-600x800.jpg 600w\" sizes=\"auto, (max-width: 1920px) 100vw, 1920px\" \/><\/figure>\n\n\n\n<div class=\"wp-block-group is-vertical is-content-justification-center is-nowrap is-layout-flex wp-container-core-group-is-layout-21d4e958 wp-block-group-is-layout-flex\">\n<p class=\"has-text-align-center has-small-font-size\"> Virginie MONNE<\/p>\n\n\n\n<p class=\"has-text-align-center has-small-font-size\">Titulaire d&rsquo;un CAP Boulangerie<\/p>\n<\/div>\n<\/div>\n\n\n\n<div class=\"wp-block-column is-vertically-aligned-center is-layout-flow wp-block-column-is-layout-flow\">\n<p class=\"has-text-align-left justify\">Je m&rsquo;appelle Virginie Monn\u00e9 et j&rsquo;ai commenc\u00e9 \u00e0 faire du pain pendant la p\u00e9riode de confinement en 2019. Peu \u00e0 peu, la panification s&rsquo;est install\u00e9e dans mon quotidien \u00e0 tel point que j&rsquo;ai d\u00e9cid\u00e9 de pr\u00e9parer un CAP Boulanger en candidat libre, que j&rsquo;ai obtenu en 2022. Enseignante sp\u00e9cialis\u00e9e de formation, j&rsquo;ai cr\u00e9\u00e9e mon entreprise en f\u00e9vrier 2023 et j&rsquo;ai d\u00e9cid\u00e9 de l&rsquo;appeler \u00ab\u00a0Pain Simplement\u00a0\u00bb, une fa\u00e7on pour moi d&rsquo;affirmer ma priorit\u00e9 pour les produits naturels et \u00e9l\u00e9mentaires, mais n\u00e9anmoins savoureux mais aussi de souligner que je fais du pain &#8230; et rien d&rsquo;autre ! <\/p>\n\n\n\n<p>Aujourd&rsquo;hui, je suis boulang\u00e8re \u00e0 plein temps et je fournis :<\/p>\n\n\n\n<p>-en vente : l&rsquo;Epicerie Locavores des Bourroches, la Vie Claire rue Pasteur \u00e0 Dijon<\/p>\n\n\n\n<p>-en d\u00e9gustation : Restaurant Un pied Chez la Marinette, Brasserie artisanale 90 BPM, Ateliers Salt and Pepper<\/p>\n\n\n\n<p><\/p>\n\n\n\n<p><\/p>\n<\/div>\n<\/div>\n<\/div>\n\n\n\n<div class=\"wp-block-group alignfull has-global-padding is-layout-constrained wp-container-core-group-is-layout-d89aad35 wp-block-group-is-layout-constrained\" style=\"margin-top:0;margin-bottom:0;padding-top:var(--wp--preset--spacing--50);padding-right:var(--wp--preset--spacing--50);padding-bottom:var(--wp--preset--spacing--50);padding-left:var(--wp--preset--spacing--50)\"><\/div>\n\n\n\n<div class=\"wp-block-group alignfull has-custom-texte-color has-base-2-background-color has-text-color has-background has-link-color wp-elements-78831657bb8ea56437660f0b1d1af298 has-global-padding is-layout-constrained wp-container-core-group-is-layout-d89aad35 wp-block-group-is-layout-constrained\" style=\"margin-top:0;margin-bottom:0;padding-top:var(--wp--preset--spacing--50);padding-right:var(--wp--preset--spacing--50);padding-bottom:var(--wp--preset--spacing--50);padding-left:var(--wp--preset--spacing--50)\">\n<h2 class=\"wp-block-heading alignwide has-custom-texte-color has-text-color has-link-color wp-elements-9fcc894f8d726e904d1a7ec44666bb2c\" style=\"font-size:clamp(4.509rem, 4.509rem + ((1vw - 0.2rem) * 9.152), 10rem);letter-spacing:-0.02em\">FAQ<\/h2>\n\n\n\n<div class=\"wp-block-group alignwide is-layout-flow wp-block-group-is-layout-flow\">\n<hr class=\"wp-block-separator has-text-color has-base-color has-alpha-channel-opacity has-base-background-color has-background is-style-wide\"\/>\n\n\n\n<details class=\"wp-block-details is-style-arrow-icon-details has-medium-font-size is-layout-flow wp-block-details-is-layout-flow\" style=\"border-top-style:none;border-top-width:0px;border-right-style:none;border-right-width:0px;border-bottom-color:var(--wp--preset--color--base);border-bottom-style:solid;border-bottom-width:1px;border-left-style:none;border-left-width:0px;margin-top:0\"><summary>Quelles diff\u00e9rences entre un pain moul\u00e9 et une miche ?<\/summary>\n<p class=\"has-contrast-1-color has-text-color has-link-color wp-elements-e33c51ed75be64f97c25e0eb78e96ba6\">Le pain moul\u00e9 est cuit, comme son nom l&rsquo;indique, dans un moule rectangulaire. Sa mie est l\u00e9g\u00e8rement plus compacte mais sa forme facilite le tranchage. <\/p>\n<\/details>\n\n\n\n<details class=\"wp-block-details is-style-arrow-icon-details has-medium-font-size is-layout-flow wp-block-details-is-layout-flow\" style=\"border-top-style:none;border-top-width:0px;border-right-style:none;border-right-width:0px;border-bottom-color:var(--wp--preset--color--base);border-bottom-style:solid;border-bottom-width:1px;border-left-style:none;border-left-width:0px;margin-top:0\"><summary>Comment conserver le pain ?<\/summary>\n<p class=\"has-contrast-1-color has-text-color has-link-color wp-elements-076a51b255cd1b73977c777a1f14ce45\">Le pain au levain se conserve plusieurs jours dans un sachet en tissu, un torchon ou un sac en papier kraft. Il peut ensuite \u00eatre plac\u00e9 dans une bo\u00eete \u00e0 pain. S&rsquo;il n&rsquo;est pas consomm\u00e9 tout de suite, il vaut mieux le trancher au fur et \u00e0 mesure afin de prolonger sa conservation.<\/p>\n<\/details>\n\n\n\n<details class=\"wp-block-details is-style-arrow-icon-details has-medium-font-size is-layout-flow wp-block-details-is-layout-flow\" style=\"border-top-style:none;border-top-width:0px;border-right-style:none;border-right-width:0px;border-bottom-color:var(--wp--preset--color--base);border-bottom-style:solid;border-bottom-width:1px;border-left-style:none;border-left-width:0px;margin-top:0\"><summary>O\u00f9 trouver mes pains ?<\/summary>\n<p class=\"has-contrast-1-color has-text-color has-link-color wp-elements-b08db07eb91d7d583576187988996789\">*Le mercredi et le vendredi : La Vie Claire, 8 rue Pasteur \u00e0 Dijon.<\/p>\n\n\n\n<p>*Le mardi et le vendredi : Epicerie Locavores des Bourroches, 34 Boulevard Eug\u00e8ne Fyot \u00e0 Dijon.<\/p>\n\n\n\n<p>*AMAP MJC de Chen\u00f4ve le mercredi et AMAP les Paniers de la Colombi\u00e8re le vendredi (sur commande uniquement).<\/p>\n\n\n\n<p>*En accompagnement des plats r\u00e9alis\u00e9s lors des ateliers de cuisine chez Salt and Pepper, au restaurant Un pied chez la Marinette et \u00e0 la Brasserie 90 BPM du lundi au vendredi.<\/p>\n\n\n\n<p>***En CLICK AND COLLECT, ponctuellement. Les ventes seront annonc\u00e9es sur la page d&rsquo;accueil.<\/p>\n<\/details>\n\n\n\n<div style=\"margin-top:var(--wp--preset--spacing--10);margin-bottom:0;height:var(--wp--preset--spacing--10)\" aria-hidden=\"true\" class=\"wp-block-spacer\"><\/div>\n<\/div>\n<\/div>\n\n\n\n<div class=\"wp-block-group alignfull has-global-padding is-layout-constrained wp-container-core-group-is-layout-d89aad35 wp-block-group-is-layout-constrained\" style=\"margin-top:0;margin-bottom:0;padding-top:var(--wp--preset--spacing--50);padding-right:var(--wp--preset--spacing--50);padding-bottom:var(--wp--preset--spacing--50);padding-left:var(--wp--preset--spacing--50)\">\n<div class=\"wp-block-columns alignwide are-vertically-aligned-center is-layout-flex wp-container-core-columns-is-layout-47c06fe3 wp-block-columns-is-layout-flex\">\n<div class=\"wp-block-column is-vertically-aligned-center is-layout-flow wp-block-column-is-layout-flow\" style=\"flex-basis:50%\">\n<h2 class=\"wp-block-heading\">Faire du pain au levain, tout un art &#8230;<\/h2>\n\n\n\n<p class=\"justify\">D&rsquo;abord, je nourris mon levain chaque soir, en lui donnant de la farine et de l&rsquo;eau. Le lendemain matin, lorsqu&rsquo;il a doubl\u00e9 de volume, je le m\u00e9lange avec ma farine et mon eau : c&rsquo;est la fermentolyse. Trente minutes plus tard, j&rsquo;ajoute le sel et proc\u00e8de au p\u00e9trissage. J&rsquo;ajoute ensuite les ingr\u00e9dients suppl\u00e9mentaires \u00e9ventuels. Une premi\u00e8re phase de pousse a lieu \u00e0 temp\u00e9rature ambiante pendant quelques heures, au cours desquelles j&rsquo;effectue des rabats pour donner de la force \u00e0 ma p\u00e2te. Cette phase dite de pointage se poursuit au r\u00e9frig\u00e9rateur pendant 8 heures. Ensuite, je divise ma p\u00e2te pour obtenir des p\u00e2tons de 500 g (qui n&rsquo;en p\u00e8seront plus que 400 apr\u00e8s refroidissement), je les mets en forme sommairement puis les fa\u00e7onne avant de les mettre en bannetons. Ces derniers sont plac\u00e9s au frais pour la nuit et sortis 45 minutes avant la cuisson : c&rsquo;est la phase d&rsquo;appr\u00eat. Une quarantaine de minutes plus tard, ils seront cuits et devront passer par une \u00e9tape de ressuage sur grille avant d&rsquo;\u00eatre d\u00e9gust\u00e9s. En tout, le processus aura dur\u00e9 40 heures&#8230;<\/p>\n\n\n\n<div class=\"wp-block-buttons is-layout-flex wp-block-buttons-is-layout-flex\"><\/div>\n<\/div>\n\n\n\n<div class=\"wp-block-column is-vertically-aligned-center is-layout-flow wp-block-column-is-layout-flow\" style=\"flex-basis:50%\">\n<figure class=\"wp-block-gallery has-nested-images columns-default is-cropped wp-block-gallery-3 is-layout-flex wp-block-gallery-is-layout-flex\">\n<figure class=\"wp-block-image size-full is-style-rounded is-style-rounded--2\"><img loading=\"lazy\" decoding=\"async\" width=\"1080\" height=\"808\" data-id=\"205\" src=\"https:\/\/painsimplement.fr\/wp-content\/uploads\/2024\/02\/mes-pains.jpg\" alt=\"\" class=\"wp-image-205\" style=\"aspect-ratio:4\/3;object-fit:cover\" srcset=\"https:\/\/painsimplement.fr\/wp-content\/uploads\/2024\/02\/mes-pains.jpg 1080w, https:\/\/painsimplement.fr\/wp-content\/uploads\/2024\/02\/mes-pains-300x224.jpg 300w, https:\/\/painsimplement.fr\/wp-content\/uploads\/2024\/02\/mes-pains-1024x766.jpg 1024w, https:\/\/painsimplement.fr\/wp-content\/uploads\/2024\/02\/mes-pains-768x575.jpg 768w, https:\/\/painsimplement.fr\/wp-content\/uploads\/2024\/02\/mes-pains-600x449.jpg 600w\" sizes=\"auto, (max-width: 1080px) 100vw, 1080px\" \/><\/figure>\n<\/figure>\n<\/div>\n<\/div>\n<\/div>\n","protected":false},"excerpt":{"rendered":"<p>Mon parcours Virginie MONNE Titulaire d&rsquo;un CAP Boulangerie Je m&rsquo;appelle Virginie Monn\u00e9 et j&rsquo;ai commenc\u00e9 \u00e0 faire du pain pendant la p\u00e9riode de confinement en 2019. Peu \u00e0 peu, la panification s&rsquo;est install\u00e9e dans mon quotidien \u00e0 tel point que j&rsquo;ai d\u00e9cid\u00e9 de pr\u00e9parer un CAP Boulanger en candidat libre, que j&rsquo;ai obtenu en 2022. [&hellip;]<\/p>\n","protected":false},"author":2,"featured_media":0,"parent":0,"menu_order":0,"comment_status":"closed","ping_status":"closed","template":"page-no-title","meta":{"footnotes":""},"class_list":["post-40","page","type-page","status-publish","hentry"],"yoast_head":"<!-- This site is optimized with the Yoast SEO plugin v27.3 - https:\/\/yoast.com\/product\/yoast-seo-wordpress\/ -->\n<title>A propos - Pain Simplement<\/title>\n<meta name=\"robots\" content=\"index, follow, max-snippet:-1, max-image-preview:large, max-video-preview:-1\" \/>\n<link rel=\"canonical\" href=\"https:\/\/painsimplement.fr\/index.php\/a-propos\/\" \/>\n<meta property=\"og:locale\" content=\"fr_FR\" \/>\n<meta property=\"og:type\" content=\"article\" \/>\n<meta property=\"og:title\" content=\"A propos - Pain Simplement\" \/>\n<meta property=\"og:description\" content=\"Mon parcours Virginie MONNE Titulaire d&rsquo;un CAP Boulangerie Je m&rsquo;appelle Virginie Monn\u00e9 et j&rsquo;ai commenc\u00e9 \u00e0 faire du pain pendant la p\u00e9riode de confinement en 2019. Peu \u00e0 peu, la panification s&rsquo;est install\u00e9e dans mon quotidien \u00e0 tel point que j&rsquo;ai d\u00e9cid\u00e9 de pr\u00e9parer un CAP Boulanger en candidat libre, que j&rsquo;ai obtenu en 2022. [&hellip;]\" \/>\n<meta property=\"og:url\" content=\"https:\/\/painsimplement.fr\/index.php\/a-propos\/\" \/>\n<meta property=\"og:site_name\" content=\"Pain Simplement\" \/>\n<meta property=\"article:publisher\" content=\"https:\/\/www.facebook.com\/profile.php?id=100093369997647\" \/>\n<meta property=\"article:modified_time\" content=\"2025-12-03T21:48:46+00:00\" \/>\n<meta property=\"og:image\" content=\"https:\/\/painsimplement.fr\/wp-content\/uploads\/2025\/07\/moi-scaled.jpg\" \/>\n\t<meta property=\"og:image:width\" content=\"1920\" \/>\n\t<meta property=\"og:image:height\" content=\"2560\" \/>\n\t<meta property=\"og:image:type\" content=\"image\/jpeg\" \/>\n<meta name=\"twitter:card\" content=\"summary_large_image\" \/>\n<meta name=\"twitter:label1\" content=\"Dur\u00e9e de lecture estim\u00e9e\" \/>\n\t<meta name=\"twitter:data1\" content=\"4 minutes\" \/>\n<script type=\"application\/ld+json\" class=\"yoast-schema-graph\">{\"@context\":\"https:\\\/\\\/schema.org\",\"@graph\":[{\"@type\":\"WebPage\",\"@id\":\"https:\\\/\\\/painsimplement.fr\\\/index.php\\\/a-propos\\\/\",\"url\":\"https:\\\/\\\/painsimplement.fr\\\/index.php\\\/a-propos\\\/\",\"name\":\"A propos - Pain Simplement\",\"isPartOf\":{\"@id\":\"https:\\\/\\\/painsimplement.fr\\\/#website\"},\"primaryImageOfPage\":{\"@id\":\"https:\\\/\\\/painsimplement.fr\\\/index.php\\\/a-propos\\\/#primaryimage\"},\"image\":{\"@id\":\"https:\\\/\\\/painsimplement.fr\\\/index.php\\\/a-propos\\\/#primaryimage\"},\"thumbnailUrl\":\"https:\\\/\\\/painsimplement.fr\\\/wp-content\\\/uploads\\\/2025\\\/07\\\/moi-scaled.jpg\",\"datePublished\":\"2024-01-25T19:02:12+00:00\",\"dateModified\":\"2025-12-03T21:48:46+00:00\",\"breadcrumb\":{\"@id\":\"https:\\\/\\\/painsimplement.fr\\\/index.php\\\/a-propos\\\/#breadcrumb\"},\"inLanguage\":\"fr-FR\",\"potentialAction\":[{\"@type\":\"ReadAction\",\"target\":[\"https:\\\/\\\/painsimplement.fr\\\/index.php\\\/a-propos\\\/\"]}]},{\"@type\":\"ImageObject\",\"inLanguage\":\"fr-FR\",\"@id\":\"https:\\\/\\\/painsimplement.fr\\\/index.php\\\/a-propos\\\/#primaryimage\",\"url\":\"https:\\\/\\\/painsimplement.fr\\\/wp-content\\\/uploads\\\/2025\\\/07\\\/moi-scaled.jpg\",\"contentUrl\":\"https:\\\/\\\/painsimplement.fr\\\/wp-content\\\/uploads\\\/2025\\\/07\\\/moi-scaled.jpg\",\"width\":1920,\"height\":2560},{\"@type\":\"BreadcrumbList\",\"@id\":\"https:\\\/\\\/painsimplement.fr\\\/index.php\\\/a-propos\\\/#breadcrumb\",\"itemListElement\":[{\"@type\":\"ListItem\",\"position\":1,\"name\":\"Accueil\",\"item\":\"https:\\\/\\\/painsimplement.fr\\\/\"},{\"@type\":\"ListItem\",\"position\":2,\"name\":\"A propos\"}]},{\"@type\":\"WebSite\",\"@id\":\"https:\\\/\\\/painsimplement.fr\\\/#website\",\"url\":\"https:\\\/\\\/painsimplement.fr\\\/\",\"name\":\"Pain Simplement\",\"description\":\"Pains artisanaux tout simplement\",\"publisher\":{\"@id\":\"https:\\\/\\\/painsimplement.fr\\\/#organization\"},\"potentialAction\":[{\"@type\":\"SearchAction\",\"target\":{\"@type\":\"EntryPoint\",\"urlTemplate\":\"https:\\\/\\\/painsimplement.fr\\\/?s={search_term_string}\"},\"query-input\":{\"@type\":\"PropertyValueSpecification\",\"valueRequired\":true,\"valueName\":\"search_term_string\"}}],\"inLanguage\":\"fr-FR\"},{\"@type\":\"Organization\",\"@id\":\"https:\\\/\\\/painsimplement.fr\\\/#organization\",\"name\":\"Pain Simplement\",\"url\":\"https:\\\/\\\/painsimplement.fr\\\/\",\"logo\":{\"@type\":\"ImageObject\",\"inLanguage\":\"fr-FR\",\"@id\":\"https:\\\/\\\/painsimplement.fr\\\/#\\\/schema\\\/logo\\\/image\\\/\",\"url\":\"https:\\\/\\\/painsimplement.fr\\\/wp-content\\\/uploads\\\/2024\\\/01\\\/logoSansTitre.png\",\"contentUrl\":\"https:\\\/\\\/painsimplement.fr\\\/wp-content\\\/uploads\\\/2024\\\/01\\\/logoSansTitre.png\",\"width\":960,\"height\":392,\"caption\":\"Pain Simplement\"},\"image\":{\"@id\":\"https:\\\/\\\/painsimplement.fr\\\/#\\\/schema\\\/logo\\\/image\\\/\"},\"sameAs\":[\"https:\\\/\\\/www.facebook.com\\\/profile.php?id=100093369997647\",\"https:\\\/\\\/www.instagram.com\\\/painsimplement\\\/?hl=fr\"]}]}<\/script>\n<!-- \/ Yoast SEO plugin. -->","yoast_head_json":{"title":"A propos - Pain Simplement","robots":{"index":"index","follow":"follow","max-snippet":"max-snippet:-1","max-image-preview":"max-image-preview:large","max-video-preview":"max-video-preview:-1"},"canonical":"https:\/\/painsimplement.fr\/index.php\/a-propos\/","og_locale":"fr_FR","og_type":"article","og_title":"A propos - Pain Simplement","og_description":"Mon parcours Virginie MONNE Titulaire d&rsquo;un CAP Boulangerie Je m&rsquo;appelle Virginie Monn\u00e9 et j&rsquo;ai commenc\u00e9 \u00e0 faire du pain pendant la p\u00e9riode de confinement en 2019. Peu \u00e0 peu, la panification s&rsquo;est install\u00e9e dans mon quotidien \u00e0 tel point que j&rsquo;ai d\u00e9cid\u00e9 de pr\u00e9parer un CAP Boulanger en candidat libre, que j&rsquo;ai obtenu en 2022. [&hellip;]","og_url":"https:\/\/painsimplement.fr\/index.php\/a-propos\/","og_site_name":"Pain Simplement","article_publisher":"https:\/\/www.facebook.com\/profile.php?id=100093369997647","article_modified_time":"2025-12-03T21:48:46+00:00","og_image":[{"width":1920,"height":2560,"url":"https:\/\/painsimplement.fr\/wp-content\/uploads\/2025\/07\/moi-scaled.jpg","type":"image\/jpeg"}],"twitter_card":"summary_large_image","twitter_misc":{"Dur\u00e9e de lecture estim\u00e9e":"4 minutes"},"schema":{"@context":"https:\/\/schema.org","@graph":[{"@type":"WebPage","@id":"https:\/\/painsimplement.fr\/index.php\/a-propos\/","url":"https:\/\/painsimplement.fr\/index.php\/a-propos\/","name":"A propos - Pain Simplement","isPartOf":{"@id":"https:\/\/painsimplement.fr\/#website"},"primaryImageOfPage":{"@id":"https:\/\/painsimplement.fr\/index.php\/a-propos\/#primaryimage"},"image":{"@id":"https:\/\/painsimplement.fr\/index.php\/a-propos\/#primaryimage"},"thumbnailUrl":"https:\/\/painsimplement.fr\/wp-content\/uploads\/2025\/07\/moi-scaled.jpg","datePublished":"2024-01-25T19:02:12+00:00","dateModified":"2025-12-03T21:48:46+00:00","breadcrumb":{"@id":"https:\/\/painsimplement.fr\/index.php\/a-propos\/#breadcrumb"},"inLanguage":"fr-FR","potentialAction":[{"@type":"ReadAction","target":["https:\/\/painsimplement.fr\/index.php\/a-propos\/"]}]},{"@type":"ImageObject","inLanguage":"fr-FR","@id":"https:\/\/painsimplement.fr\/index.php\/a-propos\/#primaryimage","url":"https:\/\/painsimplement.fr\/wp-content\/uploads\/2025\/07\/moi-scaled.jpg","contentUrl":"https:\/\/painsimplement.fr\/wp-content\/uploads\/2025\/07\/moi-scaled.jpg","width":1920,"height":2560},{"@type":"BreadcrumbList","@id":"https:\/\/painsimplement.fr\/index.php\/a-propos\/#breadcrumb","itemListElement":[{"@type":"ListItem","position":1,"name":"Accueil","item":"https:\/\/painsimplement.fr\/"},{"@type":"ListItem","position":2,"name":"A propos"}]},{"@type":"WebSite","@id":"https:\/\/painsimplement.fr\/#website","url":"https:\/\/painsimplement.fr\/","name":"Pain Simplement","description":"Pains artisanaux tout simplement","publisher":{"@id":"https:\/\/painsimplement.fr\/#organization"},"potentialAction":[{"@type":"SearchAction","target":{"@type":"EntryPoint","urlTemplate":"https:\/\/painsimplement.fr\/?s={search_term_string}"},"query-input":{"@type":"PropertyValueSpecification","valueRequired":true,"valueName":"search_term_string"}}],"inLanguage":"fr-FR"},{"@type":"Organization","@id":"https:\/\/painsimplement.fr\/#organization","name":"Pain Simplement","url":"https:\/\/painsimplement.fr\/","logo":{"@type":"ImageObject","inLanguage":"fr-FR","@id":"https:\/\/painsimplement.fr\/#\/schema\/logo\/image\/","url":"https:\/\/painsimplement.fr\/wp-content\/uploads\/2024\/01\/logoSansTitre.png","contentUrl":"https:\/\/painsimplement.fr\/wp-content\/uploads\/2024\/01\/logoSansTitre.png","width":960,"height":392,"caption":"Pain Simplement"},"image":{"@id":"https:\/\/painsimplement.fr\/#\/schema\/logo\/image\/"},"sameAs":["https:\/\/www.facebook.com\/profile.php?id=100093369997647","https:\/\/www.instagram.com\/painsimplement\/?hl=fr"]}]}},"_links":{"self":[{"href":"https:\/\/painsimplement.fr\/index.php\/wp-json\/wp\/v2\/pages\/40","targetHints":{"allow":["GET"]}}],"collection":[{"href":"https:\/\/painsimplement.fr\/index.php\/wp-json\/wp\/v2\/pages"}],"about":[{"href":"https:\/\/painsimplement.fr\/index.php\/wp-json\/wp\/v2\/types\/page"}],"author":[{"embeddable":true,"href":"https:\/\/painsimplement.fr\/index.php\/wp-json\/wp\/v2\/users\/2"}],"replies":[{"embeddable":true,"href":"https:\/\/painsimplement.fr\/index.php\/wp-json\/wp\/v2\/comments?post=40"}],"version-history":[{"count":20,"href":"https:\/\/painsimplement.fr\/index.php\/wp-json\/wp\/v2\/pages\/40\/revisions"}],"predecessor-version":[{"id":542,"href":"https:\/\/painsimplement.fr\/index.php\/wp-json\/wp\/v2\/pages\/40\/revisions\/542"}],"wp:attachment":[{"href":"https:\/\/painsimplement.fr\/index.php\/wp-json\/wp\/v2\/media?parent=40"}],"curies":[{"name":"wp","href":"https:\/\/api.w.org\/{rel}","templated":true}]}}